{"id":1461,"date":"2025-09-15T20:07:32","date_gmt":"2025-09-15T20:07:32","guid":{"rendered":"https:\/\/watecshop.com\/?post_type=product&#038;p=1461"},"modified":"2025-09-15T20:07:32","modified_gmt":"2025-09-15T20:07:32","slug":"carregador-de-bateria-universal","status":"publish","type":"product","link":"https:\/\/watecshop.com\/en\/product\/carregador-de-bateria-universal\/","title":{"rendered":"CARREGADOR DE BATERIA UNIVERSAL"},"content":{"rendered":"<p>\u2705 Este equipamento al\u00e9m de carregar a bateria do seu ve\u00edculo, tamb\u00e9m repara a bateria.<\/p>\n<p>\u2705 Com fun\u00e7\u00e3o de carregamento por pulso, modo de desulfatiza\u00e7\u00e3o recupera baterias estragadas com placas coladas. (Quanto mais no inicio, mais prov\u00e1vel a recupera\u00e7\u00e3o.)<\/p>\n<p>\u25cf Suporta baterias tais como: Chumbo-\u00e1cido, C\u00e1lcio, Gel AGM, molhada, seca etc.<\/p>\n<p>\ud83d\udd25Este equipamento equipamento serve para carregar a bateria da sua viatura, n\u00e3o serve para chantar. Trabalha directamente na corrente el\u00e9trica<\/p>\n<p>\u25cf Tens\u00e3o de entrada: 100-240V AC, 50-60HZ<\/p>\n<p>\u25cf Sa\u00edda nominal: 12V, 6A<\/p>\n<p>\u25cf Suporta Bateria de at\u00e9 12 V<\/p>","protected":false},"excerpt":{"rendered":"<p>CARREGADOR DE BATERIA UNIVERSAL<\/p>","protected":false},"featured_media":1462,"comment_status":"open","ping_status":"closed","template":"","meta":{"_eb_attr":"","_uag_custom_page_level_css":""},"product_brand":[],"product_cat":[15,104],"product_tag":[],"class_list":{"0":"post-1461","1":"product","2":"type-product","3":"status-publish","4":"has-post-thumbnail","6":"product_cat-outros","7":"product_cat-tecnologia-inovacao","9":"first","10":"instock","11":"taxable","12":"shipping-taxable","13":"purchasable","14":"product-type-simple"},"uagb_featured_image_src":{"full":["https:\/\/watecshop.com\/wp-content\/uploads\/2025\/09\/Imagem-do-WhatsApp-de-2025-09-10-as-20.24.50_9ab19bf2.jpg",1500,1500,false],"thumbnail":["https:\/\/watecshop.com\/wp-content\/uploads\/2025\/09\/Imagem-do-WhatsApp-de-2025-09-10-as-20.24.50_9ab19bf2-150x150.jpg",150,150,true],"medium":["https:\/\/watecshop.com\/wp-content\/uploads\/2025\/09\/Imagem-do-WhatsApp-de-2025-09-10-as-20.24.50_9ab19bf2-300x300.jpg",300,300,true],"medium_large":["https:\/\/watecshop.com\/wp-content\/uploads\/2025\/09\/Imagem-do-WhatsApp-de-2025-09-10-as-20.24.50_9ab19bf2-768x768.jpg",768,768,true],"large":["https:\/\/watecshop.com\/wp-content\/uploads\/2025\/09\/Imagem-do-WhatsApp-de-2025-09-10-as-20.24.50_9ab19bf2-1024x1024.jpg",1024,1024,true],"1536x1536":["https:\/\/watecshop.com\/wp-content\/uploads\/2025\/09\/Imagem-do-WhatsApp-de-2025-09-10-as-20.24.50_9ab19bf2.jpg",1500,1500,false],"2048x2048":["https:\/\/watecshop.com\/wp-content\/uploads\/2025\/09\/Imagem-do-WhatsApp-de-2025-09-10-as-20.24.50_9ab19bf2.jpg",1500,1500,false],"trp-custom-language-flag":["https:\/\/watecshop.com\/wp-content\/uploads\/2025\/09\/Imagem-do-WhatsApp-de-2025-09-10-as-20.24.50_9ab19bf2-12x12.jpg",12,12,true],"mailpoet_newsletter_max":["https:\/\/watecshop.com\/wp-content\/uploads\/2025\/09\/Imagem-do-WhatsApp-de-2025-09-10-as-20.24.50_9ab19bf2-1320x1320.jpg",1320,1320,true],"woocommerce_thumbnail":["https:\/\/watecshop.com\/wp-content\/uploads\/2025\/09\/Imagem-do-WhatsApp-de-2025-09-10-as-20.24.50_9ab19bf2-300x300.jpg",300,300,true],"woocommerce_single":["https:\/\/watecshop.com\/wp-content\/uploads\/2025\/09\/Imagem-do-WhatsApp-de-2025-09-10-as-20.24.50_9ab19bf2-600x600.jpg",600,600,true],"woocommerce_gallery_thumbnail":["https:\/\/watecshop.com\/wp-content\/uploads\/2025\/09\/Imagem-do-WhatsApp-de-2025-09-10-as-20.24.50_9ab19bf2-100x100.jpg",100,100,true]},"uagb_author_info":{"display_name":"watecsolucoes@gmail.com","author_link":"https:\/\/watecshop.com\/en\/author\/"},"uagb_comment_info":0,"uagb_excerpt":"CARREGADOR DE BATERIA UNIVERSAL","_links":{"self":[{"href":"https:\/\/watecshop.com\/en\/wp-json\/wp\/v2\/product\/1461","targetHints":{"allow":["GET"]}}],"collection":[{"href":"https:\/\/watecshop.com\/en\/wp-json\/wp\/v2\/product"}],"about":[{"href":"https:\/\/watecshop.com\/en\/wp-json\/wp\/v2\/types\/product"}],"replies":[{"embeddable":true,"href":"https:\/\/watecshop.com\/en\/wp-json\/wp\/v2\/comments?post=1461"}],"version-history":[{"count":1,"href":"https:\/\/watecshop.com\/en\/wp-json\/wp\/v2\/product\/1461\/revisions"}],"predecessor-version":[{"id":1463,"href":"https:\/\/watecshop.com\/en\/wp-json\/wp\/v2\/product\/1461\/revisions\/1463"}],"wp:featuredmedia":[{"embeddable":true,"href":"https:\/\/watecshop.com\/en\/wp-json\/wp\/v2\/media\/1462"}],"wp:attachment":[{"href":"https:\/\/watecshop.com\/en\/wp-json\/wp\/v2\/media?parent=1461"}],"wp:term":[{"taxonomy":"product_brand","embeddable":true,"href":"https:\/\/watecshop.com\/en\/wp-json\/wp\/v2\/product_brand?post=1461"},{"taxonomy":"product_cat","embeddable":true,"href":"https:\/\/watecshop.com\/en\/wp-json\/wp\/v2\/product_cat?post=1461"},{"taxonomy":"product_tag","embeddable":true,"href":"https:\/\/watecshop.com\/en\/wp-json\/wp\/v2\/product_tag?post=1461"}],"curies":[{"name":"wp","href":"https:\/\/api.w.org\/{rel}","templated":true}]}}