{"id":1458,"date":"2025-09-15T20:04:37","date_gmt":"2025-09-15T20:04:37","guid":{"rendered":"https:\/\/watecshop.com\/?post_type=product&#038;p=1458"},"modified":"2025-09-15T20:04:37","modified_gmt":"2025-09-15T20:04:37","slug":"aspirador-para-carro-e-casa","status":"publish","type":"product","link":"https:\/\/watecshop.com\/en\/product\/aspirador-para-carro-e-casa\/","title":{"rendered":"ASPIRADOR PARA CARRO E CASA"},"content":{"rendered":"<p>\u2705 Super potente 2.000W<br \/>\n\u2705Remove p\u00f3, \u00e1caros, areia, biatas do cigarro, restos de comida, etc, etc.<br \/>\n\u2705 Ficha de longo alcance<br \/>\n\u2705 Recurso para limpeza do ch\u00e3o, tapete, cadeir\u00e3o etc<br \/>\n\u2705 Recurso para limpeza do carro e para os cantos mais complexos<\/p>\n<p>\u274c Evite doen\u00e7as causadas pelo p\u00f3 e pelos \u00e1caros<\/p>\n<p>\u274c Evite areia, biatas do cigarro, restos de comidas, p\u00f3 e baratas na sua viatura e na sua casa<\/p>","protected":false},"excerpt":{"rendered":"<p>ASPIRADOR PARA CARRO E CASA<\/p>","protected":false},"featured_media":1459,"comment_status":"open","ping_status":"closed","template":"","meta":{"_eb_attr":"","_uag_custom_page_level_css":""},"product_brand":[],"product_cat":[15,104],"product_tag":[],"class_list":{"0":"post-1458","1":"product","2":"type-product","3":"status-publish","4":"has-post-thumbnail","6":"product_cat-outros","7":"product_cat-tecnologia-inovacao","9":"first","10":"instock","11":"taxable","12":"shipping-taxable","13":"purchasable","14":"product-type-simple"},"uagb_featured_image_src":{"full":["https:\/\/watecshop.com\/wp-content\/uploads\/2025\/09\/Imagem-do-WhatsApp-de-2025-09-10-as-20.28.06_e5b62f0a.jpg",1500,1500,false],"thumbnail":["https:\/\/watecshop.com\/wp-content\/uploads\/2025\/09\/Imagem-do-WhatsApp-de-2025-09-10-as-20.28.06_e5b62f0a-150x150.jpg",150,150,true],"medium":["https:\/\/watecshop.com\/wp-content\/uploads\/2025\/09\/Imagem-do-WhatsApp-de-2025-09-10-as-20.28.06_e5b62f0a-300x300.jpg",300,300,true],"medium_large":["https:\/\/watecshop.com\/wp-content\/uploads\/2025\/09\/Imagem-do-WhatsApp-de-2025-09-10-as-20.28.06_e5b62f0a-768x768.jpg",768,768,true],"large":["https:\/\/watecshop.com\/wp-content\/uploads\/2025\/09\/Imagem-do-WhatsApp-de-2025-09-10-as-20.28.06_e5b62f0a-1024x1024.jpg",1024,1024,true],"1536x1536":["https:\/\/watecshop.com\/wp-content\/uploads\/2025\/09\/Imagem-do-WhatsApp-de-2025-09-10-as-20.28.06_e5b62f0a.jpg",1500,1500,false],"2048x2048":["https:\/\/watecshop.com\/wp-content\/uploads\/2025\/09\/Imagem-do-WhatsApp-de-2025-09-10-as-20.28.06_e5b62f0a.jpg",1500,1500,false],"trp-custom-language-flag":["https:\/\/watecshop.com\/wp-content\/uploads\/2025\/09\/Imagem-do-WhatsApp-de-2025-09-10-as-20.28.06_e5b62f0a-12x12.jpg",12,12,true],"mailpoet_newsletter_max":["https:\/\/watecshop.com\/wp-content\/uploads\/2025\/09\/Imagem-do-WhatsApp-de-2025-09-10-as-20.28.06_e5b62f0a-1320x1320.jpg",1320,1320,true],"woocommerce_thumbnail":["https:\/\/watecshop.com\/wp-content\/uploads\/2025\/09\/Imagem-do-WhatsApp-de-2025-09-10-as-20.28.06_e5b62f0a-300x300.jpg",300,300,true],"woocommerce_single":["https:\/\/watecshop.com\/wp-content\/uploads\/2025\/09\/Imagem-do-WhatsApp-de-2025-09-10-as-20.28.06_e5b62f0a-600x600.jpg",600,600,true],"woocommerce_gallery_thumbnail":["https:\/\/watecshop.com\/wp-content\/uploads\/2025\/09\/Imagem-do-WhatsApp-de-2025-09-10-as-20.28.06_e5b62f0a-100x100.jpg",100,100,true]},"uagb_author_info":{"display_name":"watecsolucoes@gmail.com","author_link":"https:\/\/watecshop.com\/en\/author\/"},"uagb_comment_info":0,"uagb_excerpt":"ASPIRADOR PARA CARRO E CASA","_links":{"self":[{"href":"https:\/\/watecshop.com\/en\/wp-json\/wp\/v2\/product\/1458","targetHints":{"allow":["GET"]}}],"collection":[{"href":"https:\/\/watecshop.com\/en\/wp-json\/wp\/v2\/product"}],"about":[{"href":"https:\/\/watecshop.com\/en\/wp-json\/wp\/v2\/types\/product"}],"replies":[{"embeddable":true,"href":"https:\/\/watecshop.com\/en\/wp-json\/wp\/v2\/comments?post=1458"}],"version-history":[{"count":1,"href":"https:\/\/watecshop.com\/en\/wp-json\/wp\/v2\/product\/1458\/revisions"}],"predecessor-version":[{"id":1460,"href":"https:\/\/watecshop.com\/en\/wp-json\/wp\/v2\/product\/1458\/revisions\/1460"}],"wp:featuredmedia":[{"embeddable":true,"href":"https:\/\/watecshop.com\/en\/wp-json\/wp\/v2\/media\/1459"}],"wp:attachment":[{"href":"https:\/\/watecshop.com\/en\/wp-json\/wp\/v2\/media?parent=1458"}],"wp:term":[{"taxonomy":"product_brand","embeddable":true,"href":"https:\/\/watecshop.com\/en\/wp-json\/wp\/v2\/product_brand?post=1458"},{"taxonomy":"product_cat","embeddable":true,"href":"https:\/\/watecshop.com\/en\/wp-json\/wp\/v2\/product_cat?post=1458"},{"taxonomy":"product_tag","embeddable":true,"href":"https:\/\/watecshop.com\/en\/wp-json\/wp\/v2\/product_tag?post=1458"}],"curies":[{"name":"wp","href":"https:\/\/api.w.org\/{rel}","templated":true}]}}