{"id":1410,"date":"2025-09-09T21:49:06","date_gmt":"2025-09-09T21:49:06","guid":{"rendered":"https:\/\/watecshop.com\/?post_type=product&#038;p=1410"},"modified":"2025-09-09T21:49:07","modified_gmt":"2025-09-09T21:49:07","slug":"lava-jato-portatil-de-alta-pressao","status":"publish","type":"product","link":"https:\/\/watecshop.com\/en\/product\/lava-jato-portatil-de-alta-pressao\/","title":{"rendered":"LAVA JATO PORT\u00c1TIL DE ALTA PRESS\u00c3O"},"content":{"rendered":"<p>\u25cf Benef\u00edcios:<br \/>\n\u2705 Lava qualquer tipo de Viatura com alta press\u00e3o, desde: Caminh\u00e3o, V8, Ligeiro, pesado etc, etc.<\/p>\n<p>\u2705 Limpa com alta press\u00e3o o Motor da viatura, O Guarda lama, o ar-condicionado ( AC ) o ch\u00e3o, a cal\u00e7ada, a parede, o asfalto, o tapete, as plantas, animais, fazenda etc, etc.<\/p>\n<p>\u2705 \u00c9 Port\u00e1til e acumula carga, podendo transporta-lo e lavar a sua viatura em qualquer local onde for<\/p>\n<p>\u274c N\u00e3o necessita de canaliza\u00e7\u00e3o, torneiras, nem mangueira<\/p>\n<p>\u2705 Super econ\u00f4mico, apenas necessitar\u00e1 de um balde com \u00e1gua<\/p>\n<p>\u274c Voc\u00ea nunca mais vai gastar em esta\u00e7\u00e3o de servi\u00e7o, voc\u00ea nunca mais pagar\u00e1 para ter a sua viatura limpa<\/p>\n<p>&nbsp;<\/p>","protected":false},"excerpt":{"rendered":"<p>LAVA JATO PORT\u00c1TIL DE ALTA PRESS\u00c3O<\/p>","protected":false},"featured_media":1412,"comment_status":"open","ping_status":"closed","template":"","meta":{"_eb_attr":"","_uag_custom_page_level_css":""},"product_brand":[],"product_cat":[15],"product_tag":[],"class_list":{"0":"post-1410","1":"product","2":"type-product","3":"status-publish","4":"has-post-thumbnail","6":"product_cat-outros","8":"first","9":"instock","10":"taxable","11":"shipping-taxable","12":"purchasable","13":"product-type-simple"},"uagb_featured_image_src":{"full":["https:\/\/watecshop.com\/wp-content\/uploads\/2025\/09\/IMG-20250909-WA0028.jpg",384,384,false],"thumbnail":["https:\/\/watecshop.com\/wp-content\/uploads\/2025\/09\/IMG-20250909-WA0028-150x150.jpg",150,150,true],"medium":["https:\/\/watecshop.com\/wp-content\/uploads\/2025\/09\/IMG-20250909-WA0028-300x300.jpg",300,300,true],"medium_large":["https:\/\/watecshop.com\/wp-content\/uploads\/2025\/09\/IMG-20250909-WA0028.jpg",384,384,false],"large":["https:\/\/watecshop.com\/wp-content\/uploads\/2025\/09\/IMG-20250909-WA0028.jpg",384,384,false],"1536x1536":["https:\/\/watecshop.com\/wp-content\/uploads\/2025\/09\/IMG-20250909-WA0028.jpg",384,384,false],"2048x2048":["https:\/\/watecshop.com\/wp-content\/uploads\/2025\/09\/IMG-20250909-WA0028.jpg",384,384,false],"trp-custom-language-flag":["https:\/\/watecshop.com\/wp-content\/uploads\/2025\/09\/IMG-20250909-WA0028-12x12.jpg",12,12,true],"mailpoet_newsletter_max":["https:\/\/watecshop.com\/wp-content\/uploads\/2025\/09\/IMG-20250909-WA0028.jpg",384,384,false],"woocommerce_thumbnail":["https:\/\/watecshop.com\/wp-content\/uploads\/2025\/09\/IMG-20250909-WA0028-300x300.jpg",300,300,true],"woocommerce_single":["https:\/\/watecshop.com\/wp-content\/uploads\/2025\/09\/IMG-20250909-WA0028.jpg",384,384,false],"woocommerce_gallery_thumbnail":["https:\/\/watecshop.com\/wp-content\/uploads\/2025\/09\/IMG-20250909-WA0028-100x100.jpg",100,100,true]},"uagb_author_info":{"display_name":"watecsolucoes@gmail.com","author_link":"https:\/\/watecshop.com\/en\/author\/"},"uagb_comment_info":0,"uagb_excerpt":"LAVA JATO PORT\u00c1TIL DE ALTA PRESS\u00c3O","_links":{"self":[{"href":"https:\/\/watecshop.com\/en\/wp-json\/wp\/v2\/product\/1410","targetHints":{"allow":["GET"]}}],"collection":[{"href":"https:\/\/watecshop.com\/en\/wp-json\/wp\/v2\/product"}],"about":[{"href":"https:\/\/watecshop.com\/en\/wp-json\/wp\/v2\/types\/product"}],"replies":[{"embeddable":true,"href":"https:\/\/watecshop.com\/en\/wp-json\/wp\/v2\/comments?post=1410"}],"version-history":[{"count":1,"href":"https:\/\/watecshop.com\/en\/wp-json\/wp\/v2\/product\/1410\/revisions"}],"predecessor-version":[{"id":1416,"href":"https:\/\/watecshop.com\/en\/wp-json\/wp\/v2\/product\/1410\/revisions\/1416"}],"wp:featuredmedia":[{"embeddable":true,"href":"https:\/\/watecshop.com\/en\/wp-json\/wp\/v2\/media\/1412"}],"wp:attachment":[{"href":"https:\/\/watecshop.com\/en\/wp-json\/wp\/v2\/media?parent=1410"}],"wp:term":[{"taxonomy":"product_brand","embeddable":true,"href":"https:\/\/watecshop.com\/en\/wp-json\/wp\/v2\/product_brand?post=1410"},{"taxonomy":"product_cat","embeddable":true,"href":"https:\/\/watecshop.com\/en\/wp-json\/wp\/v2\/product_cat?post=1410"},{"taxonomy":"product_tag","embeddable":true,"href":"https:\/\/watecshop.com\/en\/wp-json\/wp\/v2\/product_tag?post=1410"}],"curies":[{"name":"wp","href":"https:\/\/api.w.org\/{rel}","templated":true}]}}