{"id":1397,"date":"2025-09-09T21:37:10","date_gmt":"2025-09-09T21:37:10","guid":{"rendered":"https:\/\/watecshop.com\/?post_type=product&#038;p=1397"},"modified":"2025-09-09T22:53:03","modified_gmt":"2025-09-09T22:53:03","slug":"kit-de-faturacao-branco-de-2-ecras","status":"publish","type":"product","link":"https:\/\/watecshop.com\/en\/product\/kit-de-faturacao-branco-de-2-ecras\/","title":{"rendered":"KIT DE FATURA\u00c7\u00c3O BRANCO DE 2 ECR\u00c3S"},"content":{"rendered":"<p>\u25cf Feito por:<br \/>\n\u2705 POS de 2 Visores Touchscreen<br \/>\n\u2705 Impressora<br \/>\n\u2705 Gaveta autom\u00e1tica de Valores<\/p>\n<p>Processador i3<br \/>\nRam 4 GB<br \/>\nSSD 128 GB<\/p>","protected":false},"excerpt":{"rendered":"<p>Processador i3<br \/>\nRam 4 GB<br \/>\nSSD 128 GB<\/p>","protected":false},"featured_media":1398,"comment_status":"open","ping_status":"closed","template":"","meta":{"_eb_attr":"","_uag_custom_page_level_css":""},"product_brand":[],"product_cat":[146,119,114,149,100],"product_tag":[],"class_list":{"0":"post-1397","1":"product","2":"type-product","3":"status-publish","4":"has-post-thumbnail","6":"product_cat-kits","7":"product_cat-kits-de-faturacao-prontos","8":"product_cat-maquinas-de-ponto-de-venda-pos","9":"product_cat-novidades","10":"product_cat-pos-faturacao","12":"first","13":"instock","14":"taxable","15":"shipping-taxable","16":"purchasable","17":"product-type-simple"},"uagb_featured_image_src":{"full":["https:\/\/watecshop.com\/wp-content\/uploads\/2025\/09\/Imagem-do-WhatsApp-de-2025-09-09-as-20.00.10_bb6b921f.jpg",1200,1600,false],"thumbnail":["https:\/\/watecshop.com\/wp-content\/uploads\/2025\/09\/Imagem-do-WhatsApp-de-2025-09-09-as-20.00.10_bb6b921f-150x150.jpg",150,150,true],"medium":["https:\/\/watecshop.com\/wp-content\/uploads\/2025\/09\/Imagem-do-WhatsApp-de-2025-09-09-as-20.00.10_bb6b921f-225x300.jpg",225,300,true],"medium_large":["https:\/\/watecshop.com\/wp-content\/uploads\/2025\/09\/Imagem-do-WhatsApp-de-2025-09-09-as-20.00.10_bb6b921f-768x1024.jpg",768,1024,true],"large":["https:\/\/watecshop.com\/wp-content\/uploads\/2025\/09\/Imagem-do-WhatsApp-de-2025-09-09-as-20.00.10_bb6b921f-768x1024.jpg",768,1024,true],"1536x1536":["https:\/\/watecshop.com\/wp-content\/uploads\/2025\/09\/Imagem-do-WhatsApp-de-2025-09-09-as-20.00.10_bb6b921f-1152x1536.jpg",1152,1536,true],"2048x2048":["https:\/\/watecshop.com\/wp-content\/uploads\/2025\/09\/Imagem-do-WhatsApp-de-2025-09-09-as-20.00.10_bb6b921f.jpg",1200,1600,false],"trp-custom-language-flag":["https:\/\/watecshop.com\/wp-content\/uploads\/2025\/09\/Imagem-do-WhatsApp-de-2025-09-09-as-20.00.10_bb6b921f-9x12.jpg",9,12,true],"mailpoet_newsletter_max":["https:\/\/watecshop.com\/wp-content\/uploads\/2025\/09\/Imagem-do-WhatsApp-de-2025-09-09-as-20.00.10_bb6b921f.jpg",1200,1600,false],"woocommerce_thumbnail":["https:\/\/watecshop.com\/wp-content\/uploads\/2025\/09\/Imagem-do-WhatsApp-de-2025-09-09-as-20.00.10_bb6b921f-300x400.jpg",300,400,true],"woocommerce_single":["https:\/\/watecshop.com\/wp-content\/uploads\/2025\/09\/Imagem-do-WhatsApp-de-2025-09-09-as-20.00.10_bb6b921f-600x800.jpg",600,800,true],"woocommerce_gallery_thumbnail":["https:\/\/watecshop.com\/wp-content\/uploads\/2025\/09\/Imagem-do-WhatsApp-de-2025-09-09-as-20.00.10_bb6b921f-100x100.jpg",100,100,true]},"uagb_author_info":{"display_name":"watecsolucoes@gmail.com","author_link":"https:\/\/watecshop.com\/en\/author\/"},"uagb_comment_info":0,"uagb_excerpt":"Processador i3 Ram 4 GB SSD 128 GB","_links":{"self":[{"href":"https:\/\/watecshop.com\/en\/wp-json\/wp\/v2\/product\/1397","targetHints":{"allow":["GET"]}}],"collection":[{"href":"https:\/\/watecshop.com\/en\/wp-json\/wp\/v2\/product"}],"about":[{"href":"https:\/\/watecshop.com\/en\/wp-json\/wp\/v2\/types\/product"}],"replies":[{"embeddable":true,"href":"https:\/\/watecshop.com\/en\/wp-json\/wp\/v2\/comments?post=1397"}],"version-history":[{"count":1,"href":"https:\/\/watecshop.com\/en\/wp-json\/wp\/v2\/product\/1397\/revisions"}],"predecessor-version":[{"id":1402,"href":"https:\/\/watecshop.com\/en\/wp-json\/wp\/v2\/product\/1397\/revisions\/1402"}],"wp:featuredmedia":[{"embeddable":true,"href":"https:\/\/watecshop.com\/en\/wp-json\/wp\/v2\/media\/1398"}],"wp:attachment":[{"href":"https:\/\/watecshop.com\/en\/wp-json\/wp\/v2\/media?parent=1397"}],"wp:term":[{"taxonomy":"product_brand","embeddable":true,"href":"https:\/\/watecshop.com\/en\/wp-json\/wp\/v2\/product_brand?post=1397"},{"taxonomy":"product_cat","embeddable":true,"href":"https:\/\/watecshop.com\/en\/wp-json\/wp\/v2\/product_cat?post=1397"},{"taxonomy":"product_tag","embeddable":true,"href":"https:\/\/watecshop.com\/en\/wp-json\/wp\/v2\/product_tag?post=1397"}],"curies":[{"name":"wp","href":"https:\/\/api.w.org\/{rel}","templated":true}]}}