{"id":1373,"date":"2025-09-09T17:31:14","date_gmt":"2025-09-09T17:31:14","guid":{"rendered":"https:\/\/watecshop.com\/?post_type=product&#038;p=1373"},"modified":"2025-09-09T22:53:51","modified_gmt":"2025-09-09T22:53:51","slug":"camera-de-vigilancia-100-solar","status":"publish","type":"product","link":"https:\/\/watecshop.com\/en\/product\/camera-de-vigilancia-100-solar\/","title":{"rendered":"C\u00c2MERA DE VIGIL\u00c2NCIA 100 % SOLAR"},"content":{"rendered":"<p>&nbsp;<\/p>\n<p>Tenha o seu espa\u00e7o sobre vigil\u00e2ncia 24 sobre 24, dispensa luz da rede, dispensa Cabos el\u00e9tricos.<\/p>\n<p>equipada com microfone, alto-falante, Cart\u00e3o de mem\u00f3rias , sensor infravermelho e Wi-Fi. A c\u00e2mera apresenta o v\u00eddeo em tempo real directamente no seu telem\u00f3vel.<\/p>\n<p>A c\u00e2mera solar rola em 360 graus, \u00e9 resistente a agua e poeira, conta com um aplicativo capaz de controlar o zoom da c\u00e2mera, luminosidade, ouvir o \u00e1udio que foi gravado e usar o alto-falante para se comunicar com o ambiente onde o dispositivo est\u00e1 instalado.<\/p>","protected":false},"excerpt":{"rendered":"<p>C\u00c2MERA DE VIGIL\u00c2NCIA 100 % SOLAR<\/p>","protected":false},"featured_media":1374,"comment_status":"open","ping_status":"closed","template":"","meta":{"_eb_attr":"","_uag_custom_page_level_css":""},"product_brand":[],"product_cat":[148,149],"product_tag":[],"class_list":{"0":"post-1373","1":"product","2":"type-product","3":"status-publish","4":"has-post-thumbnail","6":"product_cat-cameras","7":"product_cat-novidades","9":"first","10":"instock","11":"taxable","12":"shipping-taxable","13":"purchasable","14":"product-type-simple"},"uagb_featured_image_src":{"full":["https:\/\/watecshop.com\/wp-content\/uploads\/2025\/09\/IMG-20250901-WA0040.jpg",1000,1000,false],"thumbnail":["https:\/\/watecshop.com\/wp-content\/uploads\/2025\/09\/IMG-20250901-WA0040-150x150.jpg",150,150,true],"medium":["https:\/\/watecshop.com\/wp-content\/uploads\/2025\/09\/IMG-20250901-WA0040-300x300.jpg",300,300,true],"medium_large":["https:\/\/watecshop.com\/wp-content\/uploads\/2025\/09\/IMG-20250901-WA0040-768x768.jpg",768,768,true],"large":["https:\/\/watecshop.com\/wp-content\/uploads\/2025\/09\/IMG-20250901-WA0040.jpg",1000,1000,false],"1536x1536":["https:\/\/watecshop.com\/wp-content\/uploads\/2025\/09\/IMG-20250901-WA0040.jpg",1000,1000,false],"2048x2048":["https:\/\/watecshop.com\/wp-content\/uploads\/2025\/09\/IMG-20250901-WA0040.jpg",1000,1000,false],"trp-custom-language-flag":["https:\/\/watecshop.com\/wp-content\/uploads\/2025\/09\/IMG-20250901-WA0040-12x12.jpg",12,12,true],"mailpoet_newsletter_max":["https:\/\/watecshop.com\/wp-content\/uploads\/2025\/09\/IMG-20250901-WA0040.jpg",1000,1000,false],"woocommerce_thumbnail":["https:\/\/watecshop.com\/wp-content\/uploads\/2025\/09\/IMG-20250901-WA0040-300x300.jpg",300,300,true],"woocommerce_single":["https:\/\/watecshop.com\/wp-content\/uploads\/2025\/09\/IMG-20250901-WA0040-600x600.jpg",600,600,true],"woocommerce_gallery_thumbnail":["https:\/\/watecshop.com\/wp-content\/uploads\/2025\/09\/IMG-20250901-WA0040-100x100.jpg",100,100,true]},"uagb_author_info":{"display_name":"watecsolucoes@gmail.com","author_link":"https:\/\/watecshop.com\/en\/author\/"},"uagb_comment_info":0,"uagb_excerpt":"C\u00c2MERA DE VIGIL\u00c2NCIA 100 % SOLAR","_links":{"self":[{"href":"https:\/\/watecshop.com\/en\/wp-json\/wp\/v2\/product\/1373","targetHints":{"allow":["GET"]}}],"collection":[{"href":"https:\/\/watecshop.com\/en\/wp-json\/wp\/v2\/product"}],"about":[{"href":"https:\/\/watecshop.com\/en\/wp-json\/wp\/v2\/types\/product"}],"replies":[{"embeddable":true,"href":"https:\/\/watecshop.com\/en\/wp-json\/wp\/v2\/comments?post=1373"}],"version-history":[{"count":2,"href":"https:\/\/watecshop.com\/en\/wp-json\/wp\/v2\/product\/1373\/revisions"}],"predecessor-version":[{"id":1380,"href":"https:\/\/watecshop.com\/en\/wp-json\/wp\/v2\/product\/1373\/revisions\/1380"}],"wp:featuredmedia":[{"embeddable":true,"href":"https:\/\/watecshop.com\/en\/wp-json\/wp\/v2\/media\/1374"}],"wp:attachment":[{"href":"https:\/\/watecshop.com\/en\/wp-json\/wp\/v2\/media?parent=1373"}],"wp:term":[{"taxonomy":"product_brand","embeddable":true,"href":"https:\/\/watecshop.com\/en\/wp-json\/wp\/v2\/product_brand?post=1373"},{"taxonomy":"product_cat","embeddable":true,"href":"https:\/\/watecshop.com\/en\/wp-json\/wp\/v2\/product_cat?post=1373"},{"taxonomy":"product_tag","embeddable":true,"href":"https:\/\/watecshop.com\/en\/wp-json\/wp\/v2\/product_tag?post=1373"}],"curies":[{"name":"wp","href":"https:\/\/api.w.org\/{rel}","templated":true}]}}