{"id":1364,"date":"2025-09-09T17:13:46","date_gmt":"2025-09-09T17:13:46","guid":{"rendered":"https:\/\/watecshop.com\/?post_type=product&#038;p=1364"},"modified":"2025-09-09T22:54:43","modified_gmt":"2025-09-09T22:54:43","slug":"impressora-de-etiqueta-adesiva","status":"publish","type":"product","link":"https:\/\/watecshop.com\/en\/product\/impressora-de-etiqueta-adesiva\/","title":{"rendered":"IMPRESSORA DE ETIQUETA ADESIVA"},"content":{"rendered":"<p>&nbsp;<\/p>\n<h2>Otimize seu Processo de Etiquetagem<\/h2>\n<p>A Impressora de Etiqueta Adesiva foi desenvolvida para atender \u00e0s necessidades de neg\u00f3cios que exigem efici\u00eancia, velocidade e precis\u00e3o em seus processos de etiquetagem. Ideal para lojas, empresas, armaz\u00e9ns ou qualquer ambiente que precise de solu\u00e7\u00f5es pr\u00e1ticas, esta impressora combina tecnologia avan\u00e7ada com um design compacto e funcional.<\/p>\n<h2>Alta Confiabilidade e Facilidade de Uso<\/h2>\n<p>Equipado com funcionalidades modernas, o dispositivo oferece suporte para diferentes tipos de etiquetas, garantindo compatibilidade com uma ampla variedade de aplica\u00e7\u00f5es. Seja para imprimir c\u00f3digos de barras, logotipos, ou informa\u00e7\u00f5es de produto, este equipamento oferece resultados claros e de alta qualidade. Com um sistema intuitivo e f\u00e1cil de operar, voc\u00ea poder\u00e1 iniciar a impress\u00e3o logo ap\u00f3s a configura\u00e7\u00e3o, sem complica\u00e7\u00f5es desnecess\u00e1rias. O design ergon\u00f4mico tamb\u00e9m torna o manuseio pr\u00e1tico, mesmo em espa\u00e7os limitados.<\/p>\n<h2>Benef\u00edcios da Impressora de Etiqueta Adesiva<\/h2>\n<p>Entre os principais benef\u00edcios, destacam-se:<\/p>\n<p>&#8211; Velocidade de impress\u00e3o que economiza tempo.<\/p>\n<p>&#8211; Impress\u00e3o n\u00edtida e dur\u00e1vel, ideal para uso profissional.<\/p>\n<p>&#8211; Compatibilidade com diversos formatos de etiquetas adesivas.<\/p>\n<p>&#8211; Excelente custo-benef\u00edcio para empresas de todos os tamanhos.<\/p>\n<p>Com sua combina\u00e7\u00e3o de praticidade e funcionalidade, a Impressora de Etiqueta Adesiva \u00e9 uma solu\u00e7\u00e3o indispens\u00e1vel para agilizar tarefas do dia a dia, permitindo que voc\u00ea dedique mais tempo aos aspectos estrat\u00e9gicos do seu neg\u00f3cio. Adequada para investidores iniciantes e empreendedores experientes, esta impressora certamente far\u00e1 diferen\u00e7a significativa na organiza\u00e7\u00e3o e apresenta\u00e7\u00e3o do seu produto.<\/p>","protected":false},"excerpt":{"rendered":"<p>IMPRESSORA DE ETIQUETA ADESIVA<\/p>","protected":false},"featured_media":1365,"comment_status":"open","ping_status":"closed","template":"","meta":{"_eb_attr":"","_uag_custom_page_level_css":""},"product_brand":[],"product_cat":[145,149],"product_tag":[],"class_list":{"0":"post-1364","1":"product","2":"type-product","3":"status-publish","4":"has-post-thumbnail","6":"product_cat-impressoras","7":"product_cat-novidades","9":"first","10":"instock","11":"taxable","12":"shipping-taxable","13":"purchasable","14":"product-type-simple"},"uagb_featured_image_src":{"full":["https:\/\/watecshop.com\/wp-content\/uploads\/2025\/09\/Imagem-do-WhatsApp-de-2025-09-01-as-14.53.33_1963bfd9.jpg",1200,1500,false],"thumbnail":["https:\/\/watecshop.com\/wp-content\/uploads\/2025\/09\/Imagem-do-WhatsApp-de-2025-09-01-as-14.53.33_1963bfd9-150x150.jpg",150,150,true],"medium":["https:\/\/watecshop.com\/wp-content\/uploads\/2025\/09\/Imagem-do-WhatsApp-de-2025-09-01-as-14.53.33_1963bfd9-240x300.jpg",240,300,true],"medium_large":["https:\/\/watecshop.com\/wp-content\/uploads\/2025\/09\/Imagem-do-WhatsApp-de-2025-09-01-as-14.53.33_1963bfd9-768x960.jpg",768,960,true],"large":["https:\/\/watecshop.com\/wp-content\/uploads\/2025\/09\/Imagem-do-WhatsApp-de-2025-09-01-as-14.53.33_1963bfd9-819x1024.jpg",819,1024,true],"1536x1536":["https:\/\/watecshop.com\/wp-content\/uploads\/2025\/09\/Imagem-do-WhatsApp-de-2025-09-01-as-14.53.33_1963bfd9.jpg",1200,1500,false],"2048x2048":["https:\/\/watecshop.com\/wp-content\/uploads\/2025\/09\/Imagem-do-WhatsApp-de-2025-09-01-as-14.53.33_1963bfd9.jpg",1200,1500,false],"trp-custom-language-flag":["https:\/\/watecshop.com\/wp-content\/uploads\/2025\/09\/Imagem-do-WhatsApp-de-2025-09-01-as-14.53.33_1963bfd9-10x12.jpg",10,12,true],"mailpoet_newsletter_max":["https:\/\/watecshop.com\/wp-content\/uploads\/2025\/09\/Imagem-do-WhatsApp-de-2025-09-01-as-14.53.33_1963bfd9.jpg",1200,1500,false],"woocommerce_thumbnail":["https:\/\/watecshop.com\/wp-content\/uploads\/2025\/09\/Imagem-do-WhatsApp-de-2025-09-01-as-14.53.33_1963bfd9-300x375.jpg",300,375,true],"woocommerce_single":["https:\/\/watecshop.com\/wp-content\/uploads\/2025\/09\/Imagem-do-WhatsApp-de-2025-09-01-as-14.53.33_1963bfd9-600x750.jpg",600,750,true],"woocommerce_gallery_thumbnail":["https:\/\/watecshop.com\/wp-content\/uploads\/2025\/09\/Imagem-do-WhatsApp-de-2025-09-01-as-14.53.33_1963bfd9-100x100.jpg",100,100,true]},"uagb_author_info":{"display_name":"watecsolucoes@gmail.com","author_link":"https:\/\/watecshop.com\/en\/author\/"},"uagb_comment_info":0,"uagb_excerpt":"IMPRESSORA DE ETIQUETA ADESIVA","_links":{"self":[{"href":"https:\/\/watecshop.com\/en\/wp-json\/wp\/v2\/product\/1364","targetHints":{"allow":["GET"]}}],"collection":[{"href":"https:\/\/watecshop.com\/en\/wp-json\/wp\/v2\/product"}],"about":[{"href":"https:\/\/watecshop.com\/en\/wp-json\/wp\/v2\/types\/product"}],"replies":[{"embeddable":true,"href":"https:\/\/watecshop.com\/en\/wp-json\/wp\/v2\/comments?post=1364"}],"version-history":[{"count":3,"href":"https:\/\/watecshop.com\/en\/wp-json\/wp\/v2\/product\/1364\/revisions"}],"predecessor-version":[{"id":1369,"href":"https:\/\/watecshop.com\/en\/wp-json\/wp\/v2\/product\/1364\/revisions\/1369"}],"wp:featuredmedia":[{"embeddable":true,"href":"https:\/\/watecshop.com\/en\/wp-json\/wp\/v2\/media\/1365"}],"wp:attachment":[{"href":"https:\/\/watecshop.com\/en\/wp-json\/wp\/v2\/media?parent=1364"}],"wp:term":[{"taxonomy":"product_brand","embeddable":true,"href":"https:\/\/watecshop.com\/en\/wp-json\/wp\/v2\/product_brand?post=1364"},{"taxonomy":"product_cat","embeddable":true,"href":"https:\/\/watecshop.com\/en\/wp-json\/wp\/v2\/product_cat?post=1364"},{"taxonomy":"product_tag","embeddable":true,"href":"https:\/\/watecshop.com\/en\/wp-json\/wp\/v2\/product_tag?post=1364"}],"curies":[{"name":"wp","href":"https:\/\/api.w.org\/{rel}","templated":true}]}}