{"id":1349,"date":"2025-09-09T16:53:44","date_gmt":"2025-09-09T16:53:44","guid":{"rendered":"https:\/\/watecshop.com\/?post_type=product&#038;p=1349"},"modified":"2025-09-09T17:01:09","modified_gmt":"2025-09-09T17:01:09","slug":"kit-de-cameras-de-seguranca-4-cameras","status":"publish","type":"product","link":"https:\/\/watecshop.com\/en\/product\/kit-de-cameras-de-seguranca-4-cameras\/","title":{"rendered":"KIT DE C\u00c2MERAS DE SEGURAN\u00c7A 4 C\u00c2MERAS"},"content":{"rendered":"<p>\u25cf O kit \u00e9 composto por:<\/p>\n<p>\u2705 DVR<br \/>\n\u2705 C\u00e2meras<br \/>\n\u2705 Transformadores<br \/>\n\u2705 Cabos Coaxial de 20 metros<br \/>\n\u2705 Control remoto e mouse<\/p>","protected":false},"excerpt":{"rendered":"<p>KIT DE C\u00c2MERAS DE SEGURAN\u00c7A 4 C\u00c2MERAS<\/p>","protected":false},"featured_media":1350,"comment_status":"open","ping_status":"closed","template":"","meta":{"_eb_attr":"","_uag_custom_page_level_css":""},"product_brand":[],"product_cat":[140,143,104],"product_tag":[],"class_list":{"0":"post-1349","1":"product","2":"type-product","3":"status-publish","4":"has-post-thumbnail","6":"product_cat-ofertas-relampago","7":"product_cat-kit-cameras-de-seguranca","8":"product_cat-tecnologia-inovacao","10":"first","11":"instock","12":"taxable","13":"shipping-taxable","14":"purchasable","15":"product-type-simple"},"uagb_featured_image_src":{"full":["https:\/\/watecshop.com\/wp-content\/uploads\/2025\/09\/IMG-20250901-WA0037.jpg",1600,1210,false],"thumbnail":["https:\/\/watecshop.com\/wp-content\/uploads\/2025\/09\/IMG-20250901-WA0037-150x150.jpg",150,150,true],"medium":["https:\/\/watecshop.com\/wp-content\/uploads\/2025\/09\/IMG-20250901-WA0037-300x227.jpg",300,227,true],"medium_large":["https:\/\/watecshop.com\/wp-content\/uploads\/2025\/09\/IMG-20250901-WA0037-768x581.jpg",768,581,true],"large":["https:\/\/watecshop.com\/wp-content\/uploads\/2025\/09\/IMG-20250901-WA0037-1024x774.jpg",1024,774,true],"1536x1536":["https:\/\/watecshop.com\/wp-content\/uploads\/2025\/09\/IMG-20250901-WA0037-1536x1162.jpg",1536,1162,true],"2048x2048":["https:\/\/watecshop.com\/wp-content\/uploads\/2025\/09\/IMG-20250901-WA0037.jpg",1600,1210,false],"trp-custom-language-flag":["https:\/\/watecshop.com\/wp-content\/uploads\/2025\/09\/IMG-20250901-WA0037-16x12.jpg",16,12,true],"mailpoet_newsletter_max":["https:\/\/watecshop.com\/wp-content\/uploads\/2025\/09\/IMG-20250901-WA0037-1320x998.jpg",1320,998,true],"woocommerce_thumbnail":["https:\/\/watecshop.com\/wp-content\/uploads\/2025\/09\/IMG-20250901-WA0037-300x227.jpg",300,227,true],"woocommerce_single":["https:\/\/watecshop.com\/wp-content\/uploads\/2025\/09\/IMG-20250901-WA0037-600x454.jpg",600,454,true],"woocommerce_gallery_thumbnail":["https:\/\/watecshop.com\/wp-content\/uploads\/2025\/09\/IMG-20250901-WA0037-100x100.jpg",100,100,true]},"uagb_author_info":{"display_name":"watecsolucoes@gmail.com","author_link":"https:\/\/watecshop.com\/en\/author\/"},"uagb_comment_info":0,"uagb_excerpt":"KIT DE C\u00c2MERAS DE SEGURAN\u00c7A 4 C\u00c2MERAS","_links":{"self":[{"href":"https:\/\/watecshop.com\/en\/wp-json\/wp\/v2\/product\/1349","targetHints":{"allow":["GET"]}}],"collection":[{"href":"https:\/\/watecshop.com\/en\/wp-json\/wp\/v2\/product"}],"about":[{"href":"https:\/\/watecshop.com\/en\/wp-json\/wp\/v2\/types\/product"}],"replies":[{"embeddable":true,"href":"https:\/\/watecshop.com\/en\/wp-json\/wp\/v2\/comments?post=1349"}],"version-history":[{"count":2,"href":"https:\/\/watecshop.com\/en\/wp-json\/wp\/v2\/product\/1349\/revisions"}],"predecessor-version":[{"id":1358,"href":"https:\/\/watecshop.com\/en\/wp-json\/wp\/v2\/product\/1349\/revisions\/1358"}],"wp:featuredmedia":[{"embeddable":true,"href":"https:\/\/watecshop.com\/en\/wp-json\/wp\/v2\/media\/1350"}],"wp:attachment":[{"href":"https:\/\/watecshop.com\/en\/wp-json\/wp\/v2\/media?parent=1349"}],"wp:term":[{"taxonomy":"product_brand","embeddable":true,"href":"https:\/\/watecshop.com\/en\/wp-json\/wp\/v2\/product_brand?post=1349"},{"taxonomy":"product_cat","embeddable":true,"href":"https:\/\/watecshop.com\/en\/wp-json\/wp\/v2\/product_cat?post=1349"},{"taxonomy":"product_tag","embeddable":true,"href":"https:\/\/watecshop.com\/en\/wp-json\/wp\/v2\/product_tag?post=1349"}],"curies":[{"name":"wp","href":"https:\/\/api.w.org\/{rel}","templated":true}]}}