{"id":1345,"date":"2025-09-09T16:45:47","date_gmt":"2025-09-09T16:45:47","guid":{"rendered":"https:\/\/watecshop.com\/?post_type=product&#038;p=1345"},"modified":"2025-09-09T16:45:47","modified_gmt":"2025-09-09T16:45:47","slug":"projector-inteligente-y300-com-red-wiff-e-bluetooh","status":"publish","type":"product","link":"https:\/\/watecshop.com\/en\/product\/projector-inteligente-y300-com-red-wiff-e-bluetooh\/","title":{"rendered":"PROJECTOR INTELIGENTE Y300 COM RED WIFF E BLUETOOH"},"content":{"rendered":"<p>\u25cf Possue:<br \/>\n\u2705 Red Wiff<br \/>\n\u2705 Bluetooh<br \/>\n\u2705 Entrada HDMI<\/p>\n<p>\u25cfAplicativos:<br \/>\n\u2705 Play Store \u2705Youtube \u2705 NETFLIX \u2705 Google Chrome e muito mais&#8230;<\/p>\n<p>\u2705 Le USB(pendrive) poder\u00e1 assistir filmes, desenhos animados, Futebol, a partir de uma pendrive ou cart\u00e3o de mem\u00f3ria.<\/p>\n<p>\u2705 Poder\u00e1 usar para PlayStation(video game) e outros.<\/p>\n<p>\u25cf Possue:<br \/>\n\u2705 Colunas embutidas<br \/>\n\u2705 Cabo de alimenta\u00e7\u00e3o<br \/>\n\u2705 Control Remoto<br \/>\n\u2705 D\u00e1 para espelhar o seu telem\u00f3vel com o projetor<\/p>\n<p>Especifica\u00e7\u00f5es t\u00e9cnicas:<\/p>\n<p>\u2705 Mem\u00f3ria: 16 GB<br \/>\n\u2705 Projecta at\u00e9 130 Polegadas<br \/>\n\u2705 Resolu\u00e7\u00e3o: 1280&#215;720<br \/>\n\u2705 Dist\u00e2ncia de proje\u00e7\u00e3o: 4 Metros<br \/>\n\u2705 Ultra HD 4 K<\/p>","protected":false},"excerpt":{"rendered":"<p>PROJECTOR INTELIGENTE Y300 COM RED WIFF E BLUETOOH<\/p>","protected":false},"featured_media":1346,"comment_status":"open","ping_status":"closed","template":"","meta":{"_eb_attr":"","_uag_custom_page_level_css":""},"product_brand":[],"product_cat":[15],"product_tag":[],"class_list":{"0":"post-1345","1":"product","2":"type-product","3":"status-publish","4":"has-post-thumbnail","6":"product_cat-outros","8":"first","9":"instock","10":"taxable","11":"shipping-taxable","12":"purchasable","13":"product-type-simple"},"uagb_featured_image_src":{"full":["https:\/\/watecshop.com\/wp-content\/uploads\/2025\/09\/Imagem-do-WhatsApp-de-2025-09-01-as-14.52.52_bb888d57.jpg",1200,1600,false],"thumbnail":["https:\/\/watecshop.com\/wp-content\/uploads\/2025\/09\/Imagem-do-WhatsApp-de-2025-09-01-as-14.52.52_bb888d57-150x150.jpg",150,150,true],"medium":["https:\/\/watecshop.com\/wp-content\/uploads\/2025\/09\/Imagem-do-WhatsApp-de-2025-09-01-as-14.52.52_bb888d57-225x300.jpg",225,300,true],"medium_large":["https:\/\/watecshop.com\/wp-content\/uploads\/2025\/09\/Imagem-do-WhatsApp-de-2025-09-01-as-14.52.52_bb888d57-768x1024.jpg",768,1024,true],"large":["https:\/\/watecshop.com\/wp-content\/uploads\/2025\/09\/Imagem-do-WhatsApp-de-2025-09-01-as-14.52.52_bb888d57-768x1024.jpg",768,1024,true],"1536x1536":["https:\/\/watecshop.com\/wp-content\/uploads\/2025\/09\/Imagem-do-WhatsApp-de-2025-09-01-as-14.52.52_bb888d57-1152x1536.jpg",1152,1536,true],"2048x2048":["https:\/\/watecshop.com\/wp-content\/uploads\/2025\/09\/Imagem-do-WhatsApp-de-2025-09-01-as-14.52.52_bb888d57.jpg",1200,1600,false],"trp-custom-language-flag":["https:\/\/watecshop.com\/wp-content\/uploads\/2025\/09\/Imagem-do-WhatsApp-de-2025-09-01-as-14.52.52_bb888d57-9x12.jpg",9,12,true],"mailpoet_newsletter_max":["https:\/\/watecshop.com\/wp-content\/uploads\/2025\/09\/Imagem-do-WhatsApp-de-2025-09-01-as-14.52.52_bb888d57.jpg",1200,1600,false],"woocommerce_thumbnail":["https:\/\/watecshop.com\/wp-content\/uploads\/2025\/09\/Imagem-do-WhatsApp-de-2025-09-01-as-14.52.52_bb888d57-300x400.jpg",300,400,true],"woocommerce_single":["https:\/\/watecshop.com\/wp-content\/uploads\/2025\/09\/Imagem-do-WhatsApp-de-2025-09-01-as-14.52.52_bb888d57-600x800.jpg",600,800,true],"woocommerce_gallery_thumbnail":["https:\/\/watecshop.com\/wp-content\/uploads\/2025\/09\/Imagem-do-WhatsApp-de-2025-09-01-as-14.52.52_bb888d57-100x100.jpg",100,100,true]},"uagb_author_info":{"display_name":"watecsolucoes@gmail.com","author_link":"https:\/\/watecshop.com\/en\/author\/"},"uagb_comment_info":0,"uagb_excerpt":"PROJECTOR INTELIGENTE Y300 COM RED WIFF E BLUETOOH","_links":{"self":[{"href":"https:\/\/watecshop.com\/en\/wp-json\/wp\/v2\/product\/1345","targetHints":{"allow":["GET"]}}],"collection":[{"href":"https:\/\/watecshop.com\/en\/wp-json\/wp\/v2\/product"}],"about":[{"href":"https:\/\/watecshop.com\/en\/wp-json\/wp\/v2\/types\/product"}],"replies":[{"embeddable":true,"href":"https:\/\/watecshop.com\/en\/wp-json\/wp\/v2\/comments?post=1345"}],"version-history":[{"count":1,"href":"https:\/\/watecshop.com\/en\/wp-json\/wp\/v2\/product\/1345\/revisions"}],"predecessor-version":[{"id":1348,"href":"https:\/\/watecshop.com\/en\/wp-json\/wp\/v2\/product\/1345\/revisions\/1348"}],"wp:featuredmedia":[{"embeddable":true,"href":"https:\/\/watecshop.com\/en\/wp-json\/wp\/v2\/media\/1346"}],"wp:attachment":[{"href":"https:\/\/watecshop.com\/en\/wp-json\/wp\/v2\/media?parent=1345"}],"wp:term":[{"taxonomy":"product_brand","embeddable":true,"href":"https:\/\/watecshop.com\/en\/wp-json\/wp\/v2\/product_brand?post=1345"},{"taxonomy":"product_cat","embeddable":true,"href":"https:\/\/watecshop.com\/en\/wp-json\/wp\/v2\/product_cat?post=1345"},{"taxonomy":"product_tag","embeddable":true,"href":"https:\/\/watecshop.com\/en\/wp-json\/wp\/v2\/product_tag?post=1345"}],"curies":[{"name":"wp","href":"https:\/\/api.w.org\/{rel}","templated":true}]}}