{"id":1335,"date":"2025-09-09T16:41:34","date_gmt":"2025-09-09T16:41:34","guid":{"rendered":"https:\/\/watecshop.com\/?post_type=product&#038;p=1335"},"modified":"2025-09-09T16:41:34","modified_gmt":"2025-09-09T16:41:34","slug":"kit-de-faturacao-de-duplo-ecra-digital","status":"publish","type":"product","link":"https:\/\/watecshop.com\/en\/product\/kit-de-faturacao-de-duplo-ecra-digital\/","title":{"rendered":"KIT DE FATURA\u00c7\u00c3O DE DUPLO ECR\u00c3 DIGITAL"},"content":{"rendered":"<p>Processador i5, SSD: 128 GB, Ram: 4 GB<\/p>\n<p>\u25cf O kit \u00e9 composto por:<br \/>\n\u2705 Computador POS de duplo ecr\u00e3 digital<br \/>\n\u2705 Impressora t\u00e9rmica de Fatura<br \/>\n\u2705 Gaveta autom\u00e1tica de Dinheiro<\/p>","protected":false},"excerpt":{"rendered":"<p>Processador i5, SSD: 128 GB, Ram: 4 GB<\/p>","protected":false},"featured_media":1336,"comment_status":"open","ping_status":"closed","template":"","meta":{"_eb_attr":"","_uag_custom_page_level_css":""},"product_brand":[],"product_cat":[139,119,114,100],"product_tag":[],"class_list":{"0":"post-1335","1":"product","2":"type-product","3":"status-publish","4":"has-post-thumbnail","6":"product_cat-kits-com-desconto","7":"product_cat-kits-de-faturacao-prontos","8":"product_cat-maquinas-de-ponto-de-venda-pos","9":"product_cat-pos-faturacao","11":"first","12":"instock","13":"taxable","14":"shipping-taxable","15":"purchasable","16":"product-type-simple"},"uagb_featured_image_src":{"full":["https:\/\/watecshop.com\/wp-content\/uploads\/2025\/09\/IMG-20250901-WA0024.jpg",1200,1600,false],"thumbnail":["https:\/\/watecshop.com\/wp-content\/uploads\/2025\/09\/IMG-20250901-WA0024-150x150.jpg",150,150,true],"medium":["https:\/\/watecshop.com\/wp-content\/uploads\/2025\/09\/IMG-20250901-WA0024-225x300.jpg",225,300,true],"medium_large":["https:\/\/watecshop.com\/wp-content\/uploads\/2025\/09\/IMG-20250901-WA0024-768x1024.jpg",768,1024,true],"large":["https:\/\/watecshop.com\/wp-content\/uploads\/2025\/09\/IMG-20250901-WA0024-768x1024.jpg",768,1024,true],"1536x1536":["https:\/\/watecshop.com\/wp-content\/uploads\/2025\/09\/IMG-20250901-WA0024-1152x1536.jpg",1152,1536,true],"2048x2048":["https:\/\/watecshop.com\/wp-content\/uploads\/2025\/09\/IMG-20250901-WA0024.jpg",1200,1600,false],"trp-custom-language-flag":["https:\/\/watecshop.com\/wp-content\/uploads\/2025\/09\/IMG-20250901-WA0024-9x12.jpg",9,12,true],"mailpoet_newsletter_max":["https:\/\/watecshop.com\/wp-content\/uploads\/2025\/09\/IMG-20250901-WA0024.jpg",1200,1600,false],"woocommerce_thumbnail":["https:\/\/watecshop.com\/wp-content\/uploads\/2025\/09\/IMG-20250901-WA0024-300x400.jpg",300,400,true],"woocommerce_single":["https:\/\/watecshop.com\/wp-content\/uploads\/2025\/09\/IMG-20250901-WA0024-600x800.jpg",600,800,true],"woocommerce_gallery_thumbnail":["https:\/\/watecshop.com\/wp-content\/uploads\/2025\/09\/IMG-20250901-WA0024-100x100.jpg",100,100,true]},"uagb_author_info":{"display_name":"watecsolucoes@gmail.com","author_link":"https:\/\/watecshop.com\/en\/author\/"},"uagb_comment_info":0,"uagb_excerpt":"Processador i5, SSD: 128 GB, Ram: 4 GB","_links":{"self":[{"href":"https:\/\/watecshop.com\/en\/wp-json\/wp\/v2\/product\/1335","targetHints":{"allow":["GET"]}}],"collection":[{"href":"https:\/\/watecshop.com\/en\/wp-json\/wp\/v2\/product"}],"about":[{"href":"https:\/\/watecshop.com\/en\/wp-json\/wp\/v2\/types\/product"}],"replies":[{"embeddable":true,"href":"https:\/\/watecshop.com\/en\/wp-json\/wp\/v2\/comments?post=1335"}],"version-history":[{"count":1,"href":"https:\/\/watecshop.com\/en\/wp-json\/wp\/v2\/product\/1335\/revisions"}],"predecessor-version":[{"id":1344,"href":"https:\/\/watecshop.com\/en\/wp-json\/wp\/v2\/product\/1335\/revisions\/1344"}],"wp:featuredmedia":[{"embeddable":true,"href":"https:\/\/watecshop.com\/en\/wp-json\/wp\/v2\/media\/1336"}],"wp:attachment":[{"href":"https:\/\/watecshop.com\/en\/wp-json\/wp\/v2\/media?parent=1335"}],"wp:term":[{"taxonomy":"product_brand","embeddable":true,"href":"https:\/\/watecshop.com\/en\/wp-json\/wp\/v2\/product_brand?post=1335"},{"taxonomy":"product_cat","embeddable":true,"href":"https:\/\/watecshop.com\/en\/wp-json\/wp\/v2\/product_cat?post=1335"},{"taxonomy":"product_tag","embeddable":true,"href":"https:\/\/watecshop.com\/en\/wp-json\/wp\/v2\/product_tag?post=1335"}],"curies":[{"name":"wp","href":"https:\/\/api.w.org\/{rel}","templated":true}]}}