{"id":1309,"date":"2025-09-09T16:03:36","date_gmt":"2025-09-09T16:03:36","guid":{"rendered":"https:\/\/watecshop.com\/?post_type=product&#038;p=1309"},"modified":"2025-09-09T16:03:36","modified_gmt":"2025-09-09T16:03:36","slug":"detetor-de-notas-falsas","status":"publish","type":"product","link":"https:\/\/watecshop.com\/en\/product\/detetor-de-notas-falsas\/","title":{"rendered":"M\u00c1QUINA DE CONTAR COM DETETOR DE NOTAS FALSAS"},"content":{"rendered":"<p>\u2705 Deteta automaticamente Notas Falsas, com sistema de alarme, infravermelho e luz ultravioleta<\/p>\n<p>\u2705 Conta r\u00e1pidamente qualquer tipo de nota, Kwanza, d\u00f3lar, Euro, Rand, Peso, Libra, Reais e muito mais\u2026<\/p>\n<p>\u2705 R\u00e1pida, \u00e1gil e pr\u00e1tica<\/p>\n<p>\u2705 Artigos Novos e selados na Caixa<\/p>\n<p>\u274c Evite burlas no seu estabelecimento<br \/>\n\u274c Evite perca de tempo em contar dinheiro com as m\u00e3os<\/p>","protected":false},"excerpt":{"rendered":"<p>Deteta automaticamente Notas Falsas, com sistema de alarme, infravermelho e luz ultravioleta.<\/p>\n<p>&nbsp;<\/p>","protected":false},"featured_media":1310,"comment_status":"open","ping_status":"closed","template":"","meta":{"_eb_attr":"","_uag_custom_page_level_css":""},"product_brand":[],"product_cat":[15],"product_tag":[],"class_list":{"0":"post-1309","1":"product","2":"type-product","3":"status-publish","4":"has-post-thumbnail","6":"product_cat-outros","8":"first","9":"instock","10":"taxable","11":"shipping-taxable","12":"purchasable","13":"product-type-simple"},"uagb_featured_image_src":{"full":["https:\/\/watecshop.com\/wp-content\/uploads\/2025\/09\/IMG-20250901-WA0007.jpg",1200,1600,false],"thumbnail":["https:\/\/watecshop.com\/wp-content\/uploads\/2025\/09\/IMG-20250901-WA0007-150x150.jpg",150,150,true],"medium":["https:\/\/watecshop.com\/wp-content\/uploads\/2025\/09\/IMG-20250901-WA0007-225x300.jpg",225,300,true],"medium_large":["https:\/\/watecshop.com\/wp-content\/uploads\/2025\/09\/IMG-20250901-WA0007-768x1024.jpg",768,1024,true],"large":["https:\/\/watecshop.com\/wp-content\/uploads\/2025\/09\/IMG-20250901-WA0007-768x1024.jpg",768,1024,true],"1536x1536":["https:\/\/watecshop.com\/wp-content\/uploads\/2025\/09\/IMG-20250901-WA0007-1152x1536.jpg",1152,1536,true],"2048x2048":["https:\/\/watecshop.com\/wp-content\/uploads\/2025\/09\/IMG-20250901-WA0007.jpg",1200,1600,false],"trp-custom-language-flag":["https:\/\/watecshop.com\/wp-content\/uploads\/2025\/09\/IMG-20250901-WA0007-9x12.jpg",9,12,true],"mailpoet_newsletter_max":["https:\/\/watecshop.com\/wp-content\/uploads\/2025\/09\/IMG-20250901-WA0007.jpg",1200,1600,false],"woocommerce_thumbnail":["https:\/\/watecshop.com\/wp-content\/uploads\/2025\/09\/IMG-20250901-WA0007-300x400.jpg",300,400,true],"woocommerce_single":["https:\/\/watecshop.com\/wp-content\/uploads\/2025\/09\/IMG-20250901-WA0007-600x800.jpg",600,800,true],"woocommerce_gallery_thumbnail":["https:\/\/watecshop.com\/wp-content\/uploads\/2025\/09\/IMG-20250901-WA0007-100x100.jpg",100,100,true]},"uagb_author_info":{"display_name":"watecsolucoes@gmail.com","author_link":"https:\/\/watecshop.com\/en\/author\/"},"uagb_comment_info":0,"uagb_excerpt":"Deteta automaticamente Notas Falsas, com sistema de alarme, infravermelho e luz ultravioleta. &nbsp;","_links":{"self":[{"href":"https:\/\/watecshop.com\/en\/wp-json\/wp\/v2\/product\/1309","targetHints":{"allow":["GET"]}}],"collection":[{"href":"https:\/\/watecshop.com\/en\/wp-json\/wp\/v2\/product"}],"about":[{"href":"https:\/\/watecshop.com\/en\/wp-json\/wp\/v2\/types\/product"}],"replies":[{"embeddable":true,"href":"https:\/\/watecshop.com\/en\/wp-json\/wp\/v2\/comments?post=1309"}],"version-history":[{"count":1,"href":"https:\/\/watecshop.com\/en\/wp-json\/wp\/v2\/product\/1309\/revisions"}],"predecessor-version":[{"id":1318,"href":"https:\/\/watecshop.com\/en\/wp-json\/wp\/v2\/product\/1309\/revisions\/1318"}],"wp:featuredmedia":[{"embeddable":true,"href":"https:\/\/watecshop.com\/en\/wp-json\/wp\/v2\/media\/1310"}],"wp:attachment":[{"href":"https:\/\/watecshop.com\/en\/wp-json\/wp\/v2\/media?parent=1309"}],"wp:term":[{"taxonomy":"product_brand","embeddable":true,"href":"https:\/\/watecshop.com\/en\/wp-json\/wp\/v2\/product_brand?post=1309"},{"taxonomy":"product_cat","embeddable":true,"href":"https:\/\/watecshop.com\/en\/wp-json\/wp\/v2\/product_cat?post=1309"},{"taxonomy":"product_tag","embeddable":true,"href":"https:\/\/watecshop.com\/en\/wp-json\/wp\/v2\/product_tag?post=1309"}],"curies":[{"name":"wp","href":"https:\/\/api.w.org\/{rel}","templated":true}]}}