{"id":1301,"date":"2025-09-09T15:43:11","date_gmt":"2025-09-09T15:43:11","guid":{"rendered":"https:\/\/watecshop.com\/?post_type=product&#038;p=1301"},"modified":"2025-09-10T12:10:44","modified_gmt":"2025-09-10T12:10:44","slug":"softbox","status":"publish","type":"product","link":"https:\/\/watecshop.com\/en\/product\/softbox\/","title":{"rendered":"SOFTBOX OCTAGONAL DE ILUMINA\u00c7\u00c3O PROFISSIONAL"},"content":{"rendered":"<h2>Transforme a Ilumina\u00e7\u00e3o do Seu Est\u00fadio<\/h2>\n<p>O Softbox Octagonal Profissional \u00e9 uma ferramenta indispens\u00e1vel para fot\u00f3grafos, videomakers e criadores de conte\u00fado que buscam elevar a qualidade de suas produ\u00e7\u00f5es. Com seu design octagonal avan\u00e7ado, este equipamento proporciona uma luz suave e bem distribu\u00edda, ideal para destacar os detalhes e criar efeitos visuais impec\u00e1veis em retratos, v\u00eddeos e fotografias de produtos.<\/p>\n<h2>Qualidade de Luz para Resultados Profissionais<\/h2>\n<p>Gra\u00e7as ao seu material de alta qualidade e \u00e0 estrutura cuidadosamente projetada, este softbox entrega uma ilumina\u00e7\u00e3o uniforme e sem sombras duras. Seja em um est\u00fadio profissional ou em grava\u00e7\u00f5es caseiras, ele garante resultados com aspecto refinado e profissional. Especialmente \u00fatil para criar atmosferas acolhedoras e transmitir a verdadeira ess\u00eancia de seus modelos ou objetos fotografados.<\/p>\n<h2>Ideal para Fotografia e Cria\u00e7\u00e3o de Conte\u00fado<\/h2>\n<p>Perfeito para diversas aplica\u00e7\u00f5es, desde retratos de alta qualidade at\u00e9 grava\u00e7\u00f5es em v\u00eddeo. Este softbox foi criado para atender \u00e0s demandas de est\u00fadios e criadores de conte\u00fado, oferecendo efici\u00eancia e praticidade. Al\u00e9m de melhorar drasticamente o aspecto de produtos, torna sua grava\u00e7\u00e3o de v\u00eddeos mais envolvente e profissional. Voc\u00ea est\u00e1 preparado para impressionar sua audi\u00eancia com imagens impec\u00e1veis?<\/p>\n<p>\ud83c\udfc5 Composto por:<br \/>\n\u2705 1 Tripe<br \/>\n\u2705 1 Difusor<br \/>\n\u2705 1 Controle Remoto ( Comando )<br \/>\n\u2705 1 LED<\/p>","protected":false},"excerpt":{"rendered":"<p>Softbox octagonal profissional para fotografia e grava\u00e7\u00e3o, ideal para est\u00fadios e criadores de conte\u00fado. Fornece luz suave e difusa para retratos, v\u00eddeos e produtos.<\/p>","protected":false},"featured_media":1302,"comment_status":"open","ping_status":"closed","template":"","meta":{"_eb_attr":"","_uag_custom_page_level_css":""},"product_brand":[],"product_cat":[141,149],"product_tag":[],"class_list":{"0":"post-1301","1":"product","2":"type-product","3":"status-publish","4":"has-post-thumbnail","6":"product_cat-iluminacao-fotografica","7":"product_cat-novidades","9":"first","10":"instock","11":"taxable","12":"shipping-taxable","13":"purchasable","14":"product-type-simple"},"uagb_featured_image_src":{"full":["https:\/\/watecshop.com\/wp-content\/uploads\/2025\/09\/Kit-De-Ilumina-o-Softbox-Octogonal-Com-Trip-Universal-Suporta-at-2kg-Ft-2000_1704548313_g.webp",395,395,false],"thumbnail":["https:\/\/watecshop.com\/wp-content\/uploads\/2025\/09\/Kit-De-Ilumina-o-Softbox-Octogonal-Com-Trip-Universal-Suporta-at-2kg-Ft-2000_1704548313_g-150x150.webp",150,150,true],"medium":["https:\/\/watecshop.com\/wp-content\/uploads\/2025\/09\/Kit-De-Ilumina-o-Softbox-Octogonal-Com-Trip-Universal-Suporta-at-2kg-Ft-2000_1704548313_g-300x300.webp",300,300,true],"medium_large":["https:\/\/watecshop.com\/wp-content\/uploads\/2025\/09\/Kit-De-Ilumina-o-Softbox-Octogonal-Com-Trip-Universal-Suporta-at-2kg-Ft-2000_1704548313_g.webp",395,395,false],"large":["https:\/\/watecshop.com\/wp-content\/uploads\/2025\/09\/Kit-De-Ilumina-o-Softbox-Octogonal-Com-Trip-Universal-Suporta-at-2kg-Ft-2000_1704548313_g.webp",395,395,false],"1536x1536":["https:\/\/watecshop.com\/wp-content\/uploads\/2025\/09\/Kit-De-Ilumina-o-Softbox-Octogonal-Com-Trip-Universal-Suporta-at-2kg-Ft-2000_1704548313_g.webp",395,395,false],"2048x2048":["https:\/\/watecshop.com\/wp-content\/uploads\/2025\/09\/Kit-De-Ilumina-o-Softbox-Octogonal-Com-Trip-Universal-Suporta-at-2kg-Ft-2000_1704548313_g.webp",395,395,false],"trp-custom-language-flag":["https:\/\/watecshop.com\/wp-content\/uploads\/2025\/09\/Kit-De-Ilumina-o-Softbox-Octogonal-Com-Trip-Universal-Suporta-at-2kg-Ft-2000_1704548313_g-12x12.webp",12,12,true],"mailpoet_newsletter_max":["https:\/\/watecshop.com\/wp-content\/uploads\/2025\/09\/Kit-De-Ilumina-o-Softbox-Octogonal-Com-Trip-Universal-Suporta-at-2kg-Ft-2000_1704548313_g.webp",395,395,false],"woocommerce_thumbnail":["https:\/\/watecshop.com\/wp-content\/uploads\/2025\/09\/Kit-De-Ilumina-o-Softbox-Octogonal-Com-Trip-Universal-Suporta-at-2kg-Ft-2000_1704548313_g-300x300.webp",300,300,true],"woocommerce_single":["https:\/\/watecshop.com\/wp-content\/uploads\/2025\/09\/Kit-De-Ilumina-o-Softbox-Octogonal-Com-Trip-Universal-Suporta-at-2kg-Ft-2000_1704548313_g.webp",395,395,false],"woocommerce_gallery_thumbnail":["https:\/\/watecshop.com\/wp-content\/uploads\/2025\/09\/Kit-De-Ilumina-o-Softbox-Octogonal-Com-Trip-Universal-Suporta-at-2kg-Ft-2000_1704548313_g-100x100.webp",100,100,true]},"uagb_author_info":{"display_name":"watecsolucoes@gmail.com","author_link":"https:\/\/watecshop.com\/en\/author\/"},"uagb_comment_info":0,"uagb_excerpt":"Softbox octagonal profissional para fotografia e grava\u00e7\u00e3o, ideal para est\u00fadios e criadores de conte\u00fado. Fornece luz suave e difusa para retratos, v\u00eddeos e produtos.","_links":{"self":[{"href":"https:\/\/watecshop.com\/en\/wp-json\/wp\/v2\/product\/1301","targetHints":{"allow":["GET"]}}],"collection":[{"href":"https:\/\/watecshop.com\/en\/wp-json\/wp\/v2\/product"}],"about":[{"href":"https:\/\/watecshop.com\/en\/wp-json\/wp\/v2\/types\/product"}],"replies":[{"embeddable":true,"href":"https:\/\/watecshop.com\/en\/wp-json\/wp\/v2\/comments?post=1301"}],"version-history":[{"count":4,"href":"https:\/\/watecshop.com\/en\/wp-json\/wp\/v2\/product\/1301\/revisions"}],"predecessor-version":[{"id":1440,"href":"https:\/\/watecshop.com\/en\/wp-json\/wp\/v2\/product\/1301\/revisions\/1440"}],"wp:featuredmedia":[{"embeddable":true,"href":"https:\/\/watecshop.com\/en\/wp-json\/wp\/v2\/media\/1302"}],"wp:attachment":[{"href":"https:\/\/watecshop.com\/en\/wp-json\/wp\/v2\/media?parent=1301"}],"wp:term":[{"taxonomy":"product_brand","embeddable":true,"href":"https:\/\/watecshop.com\/en\/wp-json\/wp\/v2\/product_brand?post=1301"},{"taxonomy":"product_cat","embeddable":true,"href":"https:\/\/watecshop.com\/en\/wp-json\/wp\/v2\/product_cat?post=1301"},{"taxonomy":"product_tag","embeddable":true,"href":"https:\/\/watecshop.com\/en\/wp-json\/wp\/v2\/product_tag?post=1301"}],"curies":[{"name":"wp","href":"https:\/\/api.w.org\/{rel}","templated":true}]}}