{"id":1226,"date":"2025-08-16T21:46:29","date_gmt":"2025-08-16T21:46:29","guid":{"rendered":"https:\/\/watecshop.com\/?post_type=product&#038;p=1226"},"modified":"2025-09-09T16:32:33","modified_gmt":"2025-09-09T16:32:33","slug":"lsf-006","status":"publish","type":"product","link":"https:\/\/watecshop.com\/en\/product\/lsf-006\/","title":{"rendered":"SOPRADOR TURBO PORT\u00c1TIL COM 2 BATERIAS"},"content":{"rendered":"<p>\ud83c\udf1f Ideal para:<br \/>\n\u2705 Finaliza\u00e7\u00e3o de obra<br \/>\n\u2705 Asfalto, ou local com poeira<br \/>\n\u2705 Soprar o motor e o interior da viatura<br \/>\n\u2705 Soprar poeira do sofa, cortinas e da casa em geral<br \/>\n\u2705 Manuten\u00e7\u00e3o geral e muito mais<\/p>\n<p>\u2705 \u00c9 port\u00e1til, acumula carga e poder\u00e1 transporta-lo consigo para onde desejar<br \/>\n\u2705 Possui 2 baterias<\/p>","protected":false},"excerpt":{"rendered":"<p>Secador el\u00e9trico dobr\u00e1vel para cal\u00e7ados, em ABS, com fun\u00e7\u00e3o de aquecimento.<\/p>","protected":false},"featured_media":1320,"comment_status":"open","ping_status":"closed","template":"","meta":{"_eb_attr":"","_uag_custom_page_level_css":""},"product_brand":[],"product_cat":[15,104],"product_tag":[],"class_list":{"0":"post-1226","1":"product","2":"type-product","3":"status-publish","4":"has-post-thumbnail","6":"product_cat-outros","7":"product_cat-tecnologia-inovacao","9":"first","10":"instock","11":"taxable","12":"shipping-taxable","13":"purchasable","14":"product-type-simple"},"uagb_featured_image_src":{"full":["https:\/\/watecshop.com\/wp-content\/uploads\/2025\/08\/IMG-20250901-WA0016.jpg",1600,1200,false],"thumbnail":["https:\/\/watecshop.com\/wp-content\/uploads\/2025\/08\/IMG-20250901-WA0016-150x150.jpg",150,150,true],"medium":["https:\/\/watecshop.com\/wp-content\/uploads\/2025\/08\/IMG-20250901-WA0016-300x225.jpg",300,225,true],"medium_large":["https:\/\/watecshop.com\/wp-content\/uploads\/2025\/08\/IMG-20250901-WA0016-768x576.jpg",768,576,true],"large":["https:\/\/watecshop.com\/wp-content\/uploads\/2025\/08\/IMG-20250901-WA0016-1024x768.jpg",1024,768,true],"1536x1536":["https:\/\/watecshop.com\/wp-content\/uploads\/2025\/08\/IMG-20250901-WA0016-1536x1152.jpg",1536,1152,true],"2048x2048":["https:\/\/watecshop.com\/wp-content\/uploads\/2025\/08\/IMG-20250901-WA0016.jpg",1600,1200,false],"trp-custom-language-flag":["https:\/\/watecshop.com\/wp-content\/uploads\/2025\/08\/IMG-20250901-WA0016-16x12.jpg",16,12,true],"mailpoet_newsletter_max":["https:\/\/watecshop.com\/wp-content\/uploads\/2025\/08\/IMG-20250901-WA0016-1320x990.jpg",1320,990,true],"woocommerce_thumbnail":["https:\/\/watecshop.com\/wp-content\/uploads\/2025\/08\/IMG-20250901-WA0016-300x225.jpg",300,225,true],"woocommerce_single":["https:\/\/watecshop.com\/wp-content\/uploads\/2025\/08\/IMG-20250901-WA0016-600x450.jpg",600,450,true],"woocommerce_gallery_thumbnail":["https:\/\/watecshop.com\/wp-content\/uploads\/2025\/08\/IMG-20250901-WA0016-100x100.jpg",100,100,true]},"uagb_author_info":{"display_name":"watecsolucoes@gmail.com","author_link":"https:\/\/watecshop.com\/en\/author\/"},"uagb_comment_info":0,"uagb_excerpt":"Secador el\u00e9trico dobr\u00e1vel para cal\u00e7ados, em ABS, com fun\u00e7\u00e3o de aquecimento.","_links":{"self":[{"href":"https:\/\/watecshop.com\/en\/wp-json\/wp\/v2\/product\/1226","targetHints":{"allow":["GET"]}}],"collection":[{"href":"https:\/\/watecshop.com\/en\/wp-json\/wp\/v2\/product"}],"about":[{"href":"https:\/\/watecshop.com\/en\/wp-json\/wp\/v2\/types\/product"}],"replies":[{"embeddable":true,"href":"https:\/\/watecshop.com\/en\/wp-json\/wp\/v2\/comments?post=1226"}],"version-history":[{"count":4,"href":"https:\/\/watecshop.com\/en\/wp-json\/wp\/v2\/product\/1226\/revisions"}],"predecessor-version":[{"id":1327,"href":"https:\/\/watecshop.com\/en\/wp-json\/wp\/v2\/product\/1226\/revisions\/1327"}],"wp:featuredmedia":[{"embeddable":true,"href":"https:\/\/watecshop.com\/en\/wp-json\/wp\/v2\/media\/1320"}],"wp:attachment":[{"href":"https:\/\/watecshop.com\/en\/wp-json\/wp\/v2\/media?parent=1226"}],"wp:term":[{"taxonomy":"product_brand","embeddable":true,"href":"https:\/\/watecshop.com\/en\/wp-json\/wp\/v2\/product_brand?post=1226"},{"taxonomy":"product_cat","embeddable":true,"href":"https:\/\/watecshop.com\/en\/wp-json\/wp\/v2\/product_cat?post=1226"},{"taxonomy":"product_tag","embeddable":true,"href":"https:\/\/watecshop.com\/en\/wp-json\/wp\/v2\/product_tag?post=1226"}],"curies":[{"name":"wp","href":"https:\/\/api.w.org\/{rel}","templated":true}]}}